{"id":11410,"date":"2016-12-05T16:27:32","date_gmt":"2016-12-05T16:27:32","guid":{"rendered":"https:\/\/landscaping.vamtam.com\/?page_id=11410"},"modified":"2025-03-29T13:09:52","modified_gmt":"2025-03-29T13:09:52","slug":"about","status":"publish","type":"page","link":"http:\/\/kipos-gartenpflege.ch\/de\/about\/","title":{"rendered":"\u00dcber uns"},"content":{"rendered":"<div class=\"vgblk-rw-wrapper limit-wrapper\">\n\n\t<h2>Kipos bietet Dienstleistungen zur Gartenpflege auf hohem \u00e4sthetischem und fachlichem Niveau, stets mit Respekt vor der Natur.<\/h2>\n\t<h4>Bei Kipos-Gartenpflege, mit \u00fcber 13 Jahren Erfahrung und der Zertifizierung als Kundeng\u00e4rtner durch JardinSuisse im Jahr 2022, bieten wir mass geschneiderte Gartenpflege, die Ihre Bed\u00fcrfnisse und W\u00fcnsche in den Mittelpunkt stellt \u2013 f\u00fcr eine professionelle und effiziente Pflege jedes Gartens, ganz gleich, wie gross oder klein.<\/h4>\n\n<h4>Unser tiefes Verst\u00e4ndnis f\u00fcr die Pflege von Pflanzen und \u00d6kosystemen bildet das Fundament unserer Dienstleistungen. Daher strebe ich 2025 die Zertifizierung zum Fachmann f\u00fcr Biodiversit\u00e4t bei JardinSuisse an, um Ihren Garten auf nat\u00fcrliche Weise zu pflegen und seine Nachhaltigkeit sowie Vitalit\u00e4t zu f\u00f6rdern.<\/h4>\n<h3>\n\tEmissionsarme Ger\u00e4te\n\t<\/h3>\n\t<p>Wir verwenden ausschlie\u00dflich Ger\u00e4te mit Akkubetrieb, um sicherzustellen, dass unsere Gartenarbeit so leise und umweltfreundlich wie m\u00f6glich ist.<\/p>\n<h3>\n\tErfahrung\n\t<\/h3>\n\t<p>Wir bieten umfangreiche, um stets erstklassige Gartenpflege mit hoher \u00c4sthetik zu gew\u00e4hrleisten.<\/p>\n<h3>\n\tUmweltfreundliche Verfahren\n\t<\/h3>\n\t<p>Wir verpflichten uns zu umweltfreundlichen Praktiken, indem wir ausschliesslich organische D\u00fcngemittel verwenden und biologische Methoden zur Bek\u00e4mpfung von Schadbildern einsetzen. So stellen wir sicher, dass unsere Gartenarbeit sowohl nachhaltig als auch effektiv ist.<\/p>\n<h4>\n\tErstgespr\u00e4ch\n\t<\/h4>\n\t<p>Wir beginnen mit einer umfassenden Bewertung Ihres Gartens und einer detaillierten Besprechung, um Ihre spezifischen Bed\u00fcrfnisse und Vorlieben zu verstehen.<\/p>\n<h4>\n\tPflegeplan\n\t<\/h4>\n\t<p>Auf Grundlage unserer Aufnahme entwickeln wir einen individuellen Pflegeplan, in dem durchzuf\u00fchrende Aufgaben und Pflegemassnahmen detailliert beschrieben werden.<\/p>\n<h4>\n\tGarten- Unterhalt und Betreuung\n\t<\/h4>\n\t<p>Mittels Pflegeplan setzt unser Team die Unterhaltsarbeiten um. Wir setzen uns daf\u00fcr ein, dass Ihr Garten das ganze Jahr \u00fcber gepflegt bleibt.<\/p>\n<h2>\n\tWarum Sie sich f\u00fcr uns entscheiden sollten?\n\t<\/h2>\n\t<p>Kipos &#8211; Garden Care boasts over a decade of professional experience in garden maintenance.<\/p>\n<p>Wir setzen auf Professionalit\u00e4t, Wissen und Zuverl\u00e4ssigkeit und bieten Dienstleistungen, die nicht nur die Sch\u00f6nheit und Artenvielfalt Ihres Gartens verbessern, sondern auch einen tiefen Respekt vor der Natur widerspiegeln.<\/p>\n<h2>\n\tUnsere Mission.\n\t<\/h2>\n\t<p>Unsere Mission ist die Pflege und behutsame Verbesserung von G\u00e4rten, wobei die Artenvielfalt respektiert und gef\u00f6rdert wird.<\/p>\n<p>Unser Ziel ist es, Aussenanlagen zu schaffen, die nicht nur \u00e4sthetisch ansprechen, sondern auch nachhaltig und im Einklang mit ihrer nat\u00fcrlichen Umgebung sind.<\/p>\n<p>Wir sind stolz darauf, qualitativ hochwertige Dienstleistungen anzubieten, die den Erwartungen unserer anspruchsvollen Kundschaft gerecht werden und sicherstellen, dass Ihr Garten eine wertvolle Erweiterung Ihres Zuhauses bleibt.<\/p>\n<h2>\n\tInvite nature into your home.\n\t<\/h2>\n<h4>\n\tQuality first &#8211; We never cut corners.\n\t<\/h4>\n\tNotice: JavaScript is required for this content.\n        <!-- That data is being printed as a workaround to page builders reordering the order of the scripts loaded-->\n        \n<\/div><!-- .vgblk-rw-wrapper -->","protected":false},"excerpt":{"rendered":"<p>Kipos offers garden maintenance services with a high aesthetic and professional standard, always respecting nature. At Kipos Garden Care, with over 13 years of experience and certified as a customer gardener by JardinSuisse in 2022, we offer tailor-made garden care that focuses on your needs and wishes. For professional and efficient care of every garden,&#8230;<\/p>","protected":false},"author":1,"featured_media":0,"parent":0,"menu_order":0,"comment_status":"closed","ping_status":"closed","template":"","meta":{"inline_featured_image":false,"footnotes":""},"jetpack_sharing_enabled":true,"_links":{"self":[{"href":"http:\/\/kipos-gartenpflege.ch\/de\/wp-json\/wp\/v2\/pages\/11410"}],"collection":[{"href":"http:\/\/kipos-gartenpflege.ch\/de\/wp-json\/wp\/v2\/pages"}],"about":[{"href":"http:\/\/kipos-gartenpflege.ch\/de\/wp-json\/wp\/v2\/types\/page"}],"author":[{"embeddable":true,"href":"http:\/\/kipos-gartenpflege.ch\/de\/wp-json\/wp\/v2\/users\/1"}],"replies":[{"embeddable":true,"href":"http:\/\/kipos-gartenpflege.ch\/de\/wp-json\/wp\/v2\/comments?post=11410"}],"version-history":[{"count":11,"href":"http:\/\/kipos-gartenpflege.ch\/de\/wp-json\/wp\/v2\/pages\/11410\/revisions"}],"predecessor-version":[{"id":987964,"href":"http:\/\/kipos-gartenpflege.ch\/de\/wp-json\/wp\/v2\/pages\/11410\/revisions\/987964"}],"wp:attachment":[{"href":"http:\/\/kipos-gartenpflege.ch\/de\/wp-json\/wp\/v2\/media?parent=11410"}],"curies":[{"name":"wp","href":"https:\/\/api.w.org\/{rel}","templated":true}]}}