{"id":11406,"date":"2016-12-05T16:27:00","date_gmt":"2016-12-05T16:27:00","guid":{"rendered":"https:\/\/landscaping.vamtam.com\/?page_id=11406"},"modified":"2025-03-29T13:16:19","modified_gmt":"2025-03-29T13:16:19","slug":"services","status":"publish","type":"page","link":"http:\/\/kipos-gartenpflege.ch\/de\/services\/","title":{"rendered":"Dienstleistungen"},"content":{"rendered":"<div class=\"vgblk-rw-wrapper limit-wrapper\">\n<h2>\n\tPflege von B\u00e4umen und Str\u00e4uchern\n\t<\/h2>\n\t<ul>\n<li>Formschnitt an Hecken<\/li>\n<li>Pflege von Wildhecken<\/li>\n<li>Pflege von Solit\u00e4rgeh\u00f6lzen<\/li>\n<li>Winterschnitt von Obstb\u00e4umen<\/li>\n<li>Schneiden von kleiner B\u00e4ume<\/li>\n<li>Ger\u00fcste f\u00fcr schirmf\u00f6rmige B\u00e4ume<\/li>\n<li>Bonsai-Schnitt und Bonsai-Pflege<\/li>\n<\/ul>\n<h2>\n\tPflege von Rasen- und Blumenrasen\n\t<\/h2>\n\t<ul>\n<li>Maintenance of lawns and flowerbeds<\/li>\n<li>Mahd von Mager- und Blumenwiesen<\/li>\n<li>Pflege von Blumen- und Staudenfl\u00e4chen<\/li>\n<li>Gezielte Pflege von Rosen<\/li>\n<\/ul>\n<h2>\n\tNeupflanzungen und Bew\u00e4sserung\n\t<\/h2>\n\t<ul>\n<li>Pflanzung und Etablierung von Stauden, Str\u00e4uchern und B\u00e4umen<\/li>\n<li>Graben f\u00fcr die Bew\u00e4sserung<\/li>\n<\/ul>\n<h2>\n\tKundenorientierte Beratung\n\t<\/h2>\n\t<ul>\n<li>Umfassende Beratung und individuelle Empfehlungen<\/li>\n<\/ul>\n<h4>\n\tBringen Sie die Natur in Ihr Haus.\n\t<\/h4>\n<h4>\n\tWe don&#8217;t cut corners to maximize our profit.\n\t<\/h4>\n\tNotice: JavaScript is required for this content.\n        <!-- That data is being printed as a workaround to page builders reordering the order of the scripts loaded-->\n        \n<\/div><!-- .vgblk-rw-wrapper -->","protected":false},"excerpt":{"rendered":"<p>Tree and Shrub care Hedge topiary Wild hedge care Specimen care Winter pruning of fruit trees Pruning of small trees Trees for umbrella-shaped trees Bonsai pruning and care Lawn and Perennial care Maintenance of lawns and flowerbeds Mowing of lean and flower meadows Maintenance of flower and perennial areas Targeted rose care New Plantings and&#8230;<\/p>","protected":false},"author":1,"featured_media":0,"parent":0,"menu_order":0,"comment_status":"closed","ping_status":"closed","template":"","meta":{"inline_featured_image":false,"footnotes":""},"jetpack_sharing_enabled":true,"_links":{"self":[{"href":"http:\/\/kipos-gartenpflege.ch\/de\/wp-json\/wp\/v2\/pages\/11406"}],"collection":[{"href":"http:\/\/kipos-gartenpflege.ch\/de\/wp-json\/wp\/v2\/pages"}],"about":[{"href":"http:\/\/kipos-gartenpflege.ch\/de\/wp-json\/wp\/v2\/types\/page"}],"author":[{"embeddable":true,"href":"http:\/\/kipos-gartenpflege.ch\/de\/wp-json\/wp\/v2\/users\/1"}],"replies":[{"embeddable":true,"href":"http:\/\/kipos-gartenpflege.ch\/de\/wp-json\/wp\/v2\/comments?post=11406"}],"version-history":[{"count":6,"href":"http:\/\/kipos-gartenpflege.ch\/de\/wp-json\/wp\/v2\/pages\/11406\/revisions"}],"predecessor-version":[{"id":987965,"href":"http:\/\/kipos-gartenpflege.ch\/de\/wp-json\/wp\/v2\/pages\/11406\/revisions\/987965"}],"wp:attachment":[{"href":"http:\/\/kipos-gartenpflege.ch\/de\/wp-json\/wp\/v2\/media?parent=11406"}],"curies":[{"name":"wp","href":"https:\/\/api.w.org\/{rel}","templated":true}]}}